{"id":1188,"date":"2025-10-17T08:28:31","date_gmt":"2025-10-17T14:28:31","guid":{"rendered":"https:\/\/inspiraguate.org\/programas\/salud-y-bienestar\/"},"modified":"2025-10-27T10:11:25","modified_gmt":"2025-10-27T16:11:25","slug":"salud-y-bienestar","status":"publish","type":"page","link":"https:\/\/inspiraguate.org\/es\/programas\/salud-y-bienestar\/","title":{"rendered":"Salud y Bienestar"},"content":{"rendered":"\t\t<div data-elementor-type=\"wp-page\" data-elementor-id=\"1188\" class=\"elementor elementor-1188 elementor-610\" data-elementor-post-type=\"page\">\n\t\t\t\t<div class=\"elementor-element elementor-element-cf62d35 e-con-full e-flex e-con e-parent\" data-id=\"cf62d35\" data-element_type=\"container\" data-e-type=\"container\" data-settings=\"{&quot;background_background&quot;:&quot;gradient&quot;}\">\n\t\t<div class=\"elementor-element elementor-element-9df149c e-flex e-con-boxed e-con e-child\" data-id=\"9df149c\" data-element_type=\"container\" data-e-type=\"container\" data-settings=\"{&quot;background_background&quot;:&quot;gradient&quot;}\">\n\t\t\t\t\t<div class=\"e-con-inner\">\n\t\t<div class=\"elementor-element elementor-element-51bdca0 e-con-full e-flex e-con e-child\" data-id=\"51bdca0\" data-element_type=\"container\" data-e-type=\"container\" data-settings=\"{&quot;background_background&quot;:&quot;classic&quot;}\">\n\t\t\t\t<\/div>\n\t\t<div class=\"elementor-element elementor-element-30aa2bf e-con-full e-flex e-con e-child\" data-id=\"30aa2bf\" data-element_type=\"container\" data-e-type=\"container\">\n\t\t\t\t<div class=\"elementor-element elementor-element-959dbde elementor-tablet-align-center elementor-widget elementor-widget-breadcrumbs\" data-id=\"959dbde\" data-element_type=\"widget\" data-e-type=\"widget\" data-widget_type=\"breadcrumbs.default\">\n\t\t\t\t\t<p id=\"breadcrumbs\"><span><span><a href=\"https:\/\/inspiraguate.org\/es\/\">Inicio<\/a><\/span><\/span><\/p>\t\t\t\t<\/div>\n\t\t\t\t<div class=\"elementor-element elementor-element-abcc3a1 elementor-widget-divider--view-line elementor-widget elementor-widget-divider\" data-id=\"abcc3a1\" data-element_type=\"widget\" data-e-type=\"widget\" data-widget_type=\"divider.default\">\n\t\t\t\t\t\t\t<div class=\"elementor-divider\">\n\t\t\t<span class=\"elementor-divider-separator\">\n\t\t\t\t\t\t<\/span>\n\t\t<\/div>\n\t\t\t\t\t\t<\/div>\n\t\t\t\t<div class=\"elementor-element elementor-element-2e1cf02 elementor-widget elementor-widget-heading\" data-id=\"2e1cf02\" data-element_type=\"widget\" data-e-type=\"widget\" data-widget_type=\"heading.default\">\n\t\t\t\t\t<h1 class=\"elementor-heading-title elementor-size-default\">Salud y Bienestar<\/h1>\t\t\t\t<\/div>\n\t\t\t\t<div class=\"elementor-element elementor-element-0fb7771 elementor-widget__width-inherit elementor-widget elementor-widget-text-editor\" data-id=\"0fb7771\" data-element_type=\"widget\" data-e-type=\"widget\" data-widget_type=\"text-editor.default\">\n\t\t\t\t\t\t\t\t\t<p>Apoyamos <b>iniciativas m\u00e9dicas y de bienestar<\/b> que proporcionan atenci\u00f3n b\u00e1sica, chequeos m\u00e9dicos y educaci\u00f3n sobre higiene en comunidades donde el acceso a la atenci\u00f3n m\u00e9dica es extremadamente limitado, todo ello de forma totalmente gratuita.&nbsp;<\/p><p>Cada viaje misionero o campa\u00f1a de salud no solo brinda <b>ayuda m\u00e9dica<\/b>, sino tambi\u00e9n <b>atenci\u00f3n emocional y espiritual,<\/b> recordando a las personas que son vistas, valoradas y amadas.<\/p>\t\t\t\t\t\t\t\t<\/div>\n\t\t\t\t<div class=\"elementor-element elementor-element-61ad168 elementor-widget-divider--view-line elementor-widget elementor-widget-divider\" data-id=\"61ad168\" data-element_type=\"widget\" data-e-type=\"widget\" data-widget_type=\"divider.default\">\n\t\t\t\t\t\t\t<div class=\"elementor-divider\">\n\t\t\t<span class=\"elementor-divider-separator\">\n\t\t\t\t\t\t<\/span>\n\t\t<\/div>\n\t\t\t\t\t\t<\/div>\n\t\t\t\t<div class=\"elementor-element elementor-element-228b2a9 elementor-widget elementor-widget-heading\" data-id=\"228b2a9\" data-element_type=\"widget\" data-e-type=\"widget\" data-widget_type=\"heading.default\">\n\t\t\t\t\t<h2 class=\"elementor-heading-title elementor-size-default\">\u00bfQuieres apoyar este programa?<\/h2>\t\t\t\t<\/div>\n\t\t\t\t<div class=\"elementor-element elementor-element-c6e4e50 elementor-widget elementor-widget-button\" data-id=\"c6e4e50\" data-element_type=\"widget\" data-e-type=\"widget\" data-widget_type=\"button.default\">\n\t\t\t\t\t\t\t\t\t\t<a class=\"elementor-button elementor-button-link elementor-size-sm\" href=\"https:\/\/inspiraguate.org\/es\/involucrate\/\">\n\t\t\t\t\t\t<span class=\"elementor-button-content-wrapper\">\n\t\t\t\t\t\t\t\t\t<span class=\"elementor-button-text\">Invol\u00facrate ahora.<\/span>\n\t\t\t\t\t<\/span>\n\t\t\t\t\t<\/a>\n\t\t\t\t\t\t\t\t<\/div>\n\t\t\t\t<\/div>\n\t\t\t\t\t<\/div>\n\t\t\t\t<\/div>\n\t\t\t\t<\/div>\n\t\t\t\t<\/div>\n\t\t","protected":false},"excerpt":{"rendered":"<p>Apoyamos iniciativas m\u00e9dicas y de bienestar que proporcionan atenci\u00f3n b\u00e1sica, chequeos m\u00e9dicos y educaci\u00f3n sobre higiene en comunidades donde el acceso a la atenci\u00f3n m\u00e9dica es extremadamente limitado, todo ello de forma totalmente gratuita.&nbsp; Cada viaje misionero o campa\u00f1a de salud no solo brinda ayuda m\u00e9dica, sino tambi\u00e9n atenci\u00f3n emocional y espiritual, recordando a las [&hellip;]<\/p>\n","protected":false},"author":1,"featured_media":0,"parent":1175,"menu_order":0,"comment_status":"closed","ping_status":"closed","template":"","meta":{"footnotes":""},"class_list":["post-1188","page","type-page","status-publish","hentry"],"yoast_head":"<!-- This site is optimized with the Yoast SEO plugin v27.6 - https:\/\/yoast.com\/product\/yoast-seo-wordpress\/ -->\n<title>Salud y Bienestar - Inspira Guate<\/title>\n<meta name=\"robots\" content=\"index, follow, max-snippet:-1, max-image-preview:large, max-video-preview:-1\" \/>\n<link rel=\"canonical\" href=\"https:\/\/inspiraguate.org\/es\/programas\/salud-y-bienestar\/\" \/>\n<meta property=\"og:locale\" content=\"es_ES\" \/>\n<meta property=\"og:type\" content=\"article\" \/>\n<meta property=\"og:title\" content=\"Salud y Bienestar - Inspira Guate\" \/>\n<meta property=\"og:description\" content=\"Apoyamos iniciativas m\u00e9dicas y de bienestar que proporcionan atenci\u00f3n b\u00e1sica, chequeos m\u00e9dicos y educaci\u00f3n sobre higiene en comunidades donde el acceso a la atenci\u00f3n m\u00e9dica es extremadamente limitado, todo ello de forma totalmente gratuita.&nbsp; Cada viaje misionero o campa\u00f1a de salud no solo brinda ayuda m\u00e9dica, sino tambi\u00e9n atenci\u00f3n emocional y espiritual, recordando a las [&hellip;]\" \/>\n<meta property=\"og:url\" content=\"https:\/\/inspiraguate.org\/es\/programas\/salud-y-bienestar\/\" \/>\n<meta property=\"og:site_name\" content=\"Inspira Guate\" \/>\n<meta property=\"article:publisher\" content=\"https:\/\/www.facebook.com\/inspiraguatemala\" \/>\n<meta property=\"article:modified_time\" content=\"2025-10-27T16:11:25+00:00\" \/>\n<meta property=\"og:image\" content=\"https:\/\/inspiraguate.org\/wp-content\/uploads\/2025\/10\/OG.jpg\" \/>\n\t<meta property=\"og:image:width\" content=\"1200\" \/>\n\t<meta property=\"og:image:height\" content=\"675\" \/>\n\t<meta property=\"og:image:type\" content=\"image\/jpeg\" \/>\n<meta name=\"twitter:card\" content=\"summary_large_image\" \/>\n<script type=\"application\/ld+json\" class=\"yoast-schema-graph\">{\"@context\":\"https:\\\/\\\/schema.org\",\"@graph\":[{\"@type\":\"WebPage\",\"@id\":\"https:\\\/\\\/inspiraguate.org\\\/es\\\/programas\\\/salud-y-bienestar\\\/\",\"url\":\"https:\\\/\\\/inspiraguate.org\\\/es\\\/programas\\\/salud-y-bienestar\\\/\",\"name\":\"Salud y Bienestar - Inspira Guate\",\"isPartOf\":{\"@id\":\"https:\\\/\\\/inspiraguate.org\\\/es\\\/#website\"},\"datePublished\":\"2025-10-17T14:28:31+00:00\",\"dateModified\":\"2025-10-27T16:11:25+00:00\",\"breadcrumb\":{\"@id\":\"https:\\\/\\\/inspiraguate.org\\\/es\\\/programas\\\/salud-y-bienestar\\\/#breadcrumb\"},\"inLanguage\":\"es\",\"potentialAction\":[{\"@type\":\"ReadAction\",\"target\":[\"https:\\\/\\\/inspiraguate.org\\\/es\\\/programas\\\/salud-y-bienestar\\\/\"]}]},{\"@type\":\"BreadcrumbList\",\"@id\":\"https:\\\/\\\/inspiraguate.org\\\/es\\\/programas\\\/salud-y-bienestar\\\/#breadcrumb\",\"itemListElement\":[{\"@type\":\"ListItem\",\"position\":1,\"name\":\"Inicio\",\"item\":\"https:\\\/\\\/inspiraguate.org\\\/es\\\/\"},{\"@type\":\"ListItem\",\"position\":2,\"name\":\"Programas\",\"item\":\"https:\\\/\\\/inspiraguate.org\\\/es\\\/programas\\\/\"},{\"@type\":\"ListItem\",\"position\":3,\"name\":\"Salud y Bienestar\"}]},{\"@type\":\"WebSite\",\"@id\":\"https:\\\/\\\/inspiraguate.org\\\/es\\\/#website\",\"url\":\"https:\\\/\\\/inspiraguate.org\\\/es\\\/\",\"name\":\"Inspira Guate\",\"description\":\"Organizaci\u00f3n sin fines de lucro en Guatemala\",\"publisher\":{\"@id\":\"https:\\\/\\\/inspiraguate.org\\\/es\\\/#organization\"},\"potentialAction\":[{\"@type\":\"SearchAction\",\"target\":{\"@type\":\"EntryPoint\",\"urlTemplate\":\"https:\\\/\\\/inspiraguate.org\\\/es\\\/?s={search_term_string}\"},\"query-input\":{\"@type\":\"PropertyValueSpecification\",\"valueRequired\":true,\"valueName\":\"search_term_string\"}}],\"inLanguage\":\"es\"},{\"@type\":\"Organization\",\"@id\":\"https:\\\/\\\/inspiraguate.org\\\/es\\\/#organization\",\"name\":\"Inspira Guate\",\"url\":\"https:\\\/\\\/inspiraguate.org\\\/es\\\/\",\"logo\":{\"@type\":\"ImageObject\",\"inLanguage\":\"es\",\"@id\":\"https:\\\/\\\/inspiraguate.org\\\/es\\\/#\\\/schema\\\/logo\\\/image\\\/\",\"url\":\"https:\\\/\\\/inspiraguate.org\\\/wp-content\\\/uploads\\\/2022\\\/01\\\/Logo.svg\",\"contentUrl\":\"https:\\\/\\\/inspiraguate.org\\\/wp-content\\\/uploads\\\/2022\\\/01\\\/Logo.svg\",\"width\":506,\"height\":231,\"caption\":\"Inspira Guate\"},\"image\":{\"@id\":\"https:\\\/\\\/inspiraguate.org\\\/es\\\/#\\\/schema\\\/logo\\\/image\\\/\"},\"sameAs\":[\"https:\\\/\\\/www.facebook.com\\\/inspiraguatemala\",\"https:\\\/\\\/www.instagram.com\\\/inspiraguate?igsh=ZTQ4cGdta3JvYndj\"]}]}<\/script>\n<!-- \/ Yoast SEO plugin. -->","yoast_head_json":{"title":"Salud y Bienestar - Inspira Guate","robots":{"index":"index","follow":"follow","max-snippet":"max-snippet:-1","max-image-preview":"max-image-preview:large","max-video-preview":"max-video-preview:-1"},"canonical":"https:\/\/inspiraguate.org\/es\/programas\/salud-y-bienestar\/","og_locale":"es_ES","og_type":"article","og_title":"Salud y Bienestar - Inspira Guate","og_description":"Apoyamos iniciativas m\u00e9dicas y de bienestar que proporcionan atenci\u00f3n b\u00e1sica, chequeos m\u00e9dicos y educaci\u00f3n sobre higiene en comunidades donde el acceso a la atenci\u00f3n m\u00e9dica es extremadamente limitado, todo ello de forma totalmente gratuita.&nbsp; Cada viaje misionero o campa\u00f1a de salud no solo brinda ayuda m\u00e9dica, sino tambi\u00e9n atenci\u00f3n emocional y espiritual, recordando a las [&hellip;]","og_url":"https:\/\/inspiraguate.org\/es\/programas\/salud-y-bienestar\/","og_site_name":"Inspira Guate","article_publisher":"https:\/\/www.facebook.com\/inspiraguatemala","article_modified_time":"2025-10-27T16:11:25+00:00","og_image":[{"width":1200,"height":675,"url":"https:\/\/inspiraguate.org\/wp-content\/uploads\/2025\/10\/OG.jpg","type":"image\/jpeg"}],"twitter_card":"summary_large_image","schema":{"@context":"https:\/\/schema.org","@graph":[{"@type":"WebPage","@id":"https:\/\/inspiraguate.org\/es\/programas\/salud-y-bienestar\/","url":"https:\/\/inspiraguate.org\/es\/programas\/salud-y-bienestar\/","name":"Salud y Bienestar - Inspira Guate","isPartOf":{"@id":"https:\/\/inspiraguate.org\/es\/#website"},"datePublished":"2025-10-17T14:28:31+00:00","dateModified":"2025-10-27T16:11:25+00:00","breadcrumb":{"@id":"https:\/\/inspiraguate.org\/es\/programas\/salud-y-bienestar\/#breadcrumb"},"inLanguage":"es","potentialAction":[{"@type":"ReadAction","target":["https:\/\/inspiraguate.org\/es\/programas\/salud-y-bienestar\/"]}]},{"@type":"BreadcrumbList","@id":"https:\/\/inspiraguate.org\/es\/programas\/salud-y-bienestar\/#breadcrumb","itemListElement":[{"@type":"ListItem","position":1,"name":"Inicio","item":"https:\/\/inspiraguate.org\/es\/"},{"@type":"ListItem","position":2,"name":"Programas","item":"https:\/\/inspiraguate.org\/es\/programas\/"},{"@type":"ListItem","position":3,"name":"Salud y Bienestar"}]},{"@type":"WebSite","@id":"https:\/\/inspiraguate.org\/es\/#website","url":"https:\/\/inspiraguate.org\/es\/","name":"Inspira Guate","description":"Organizaci\u00f3n sin fines de lucro en Guatemala","publisher":{"@id":"https:\/\/inspiraguate.org\/es\/#organization"},"potentialAction":[{"@type":"SearchAction","target":{"@type":"EntryPoint","urlTemplate":"https:\/\/inspiraguate.org\/es\/?s={search_term_string}"},"query-input":{"@type":"PropertyValueSpecification","valueRequired":true,"valueName":"search_term_string"}}],"inLanguage":"es"},{"@type":"Organization","@id":"https:\/\/inspiraguate.org\/es\/#organization","name":"Inspira Guate","url":"https:\/\/inspiraguate.org\/es\/","logo":{"@type":"ImageObject","inLanguage":"es","@id":"https:\/\/inspiraguate.org\/es\/#\/schema\/logo\/image\/","url":"https:\/\/inspiraguate.org\/wp-content\/uploads\/2022\/01\/Logo.svg","contentUrl":"https:\/\/inspiraguate.org\/wp-content\/uploads\/2022\/01\/Logo.svg","width":506,"height":231,"caption":"Inspira Guate"},"image":{"@id":"https:\/\/inspiraguate.org\/es\/#\/schema\/logo\/image\/"},"sameAs":["https:\/\/www.facebook.com\/inspiraguatemala","https:\/\/www.instagram.com\/inspiraguate?igsh=ZTQ4cGdta3JvYndj"]}]}},"_links":{"self":[{"href":"https:\/\/inspiraguate.org\/es\/wp-json\/wp\/v2\/pages\/1188","targetHints":{"allow":["GET"]}}],"collection":[{"href":"https:\/\/inspiraguate.org\/es\/wp-json\/wp\/v2\/pages"}],"about":[{"href":"https:\/\/inspiraguate.org\/es\/wp-json\/wp\/v2\/types\/page"}],"author":[{"embeddable":true,"href":"https:\/\/inspiraguate.org\/es\/wp-json\/wp\/v2\/users\/1"}],"replies":[{"embeddable":true,"href":"https:\/\/inspiraguate.org\/es\/wp-json\/wp\/v2\/comments?post=1188"}],"version-history":[{"count":1,"href":"https:\/\/inspiraguate.org\/es\/wp-json\/wp\/v2\/pages\/1188\/revisions"}],"predecessor-version":[{"id":1189,"href":"https:\/\/inspiraguate.org\/es\/wp-json\/wp\/v2\/pages\/1188\/revisions\/1189"}],"up":[{"embeddable":true,"href":"https:\/\/inspiraguate.org\/es\/wp-json\/wp\/v2\/pages\/1175"}],"wp:attachment":[{"href":"https:\/\/inspiraguate.org\/es\/wp-json\/wp\/v2\/media?parent=1188"}],"curies":[{"name":"wp","href":"https:\/\/api.w.org\/{rel}","templated":true}]}}