{"id":1184,"date":"2025-10-17T08:27:57","date_gmt":"2025-10-17T14:27:57","guid":{"rendered":"https:\/\/inspiraguate.org\/programas\/educacion\/"},"modified":"2025-10-27T10:10:30","modified_gmt":"2025-10-27T16:10:30","slug":"educacion","status":"publish","type":"page","link":"https:\/\/inspiraguate.org\/es\/programas\/educacion\/","title":{"rendered":"Educaci\u00f3n"},"content":{"rendered":"\t\t<div data-elementor-type=\"wp-page\" data-elementor-id=\"1184\" class=\"elementor elementor-1184 elementor-608\" data-elementor-post-type=\"page\">\n\t\t\t\t<div class=\"elementor-element elementor-element-d7b46e6 e-con-full e-flex e-con e-parent\" data-id=\"d7b46e6\" data-element_type=\"container\" data-e-type=\"container\" data-settings=\"{&quot;background_background&quot;:&quot;gradient&quot;}\">\n\t\t<div class=\"elementor-element elementor-element-606437b e-flex e-con-boxed e-con e-child\" data-id=\"606437b\" data-element_type=\"container\" data-e-type=\"container\" data-settings=\"{&quot;background_background&quot;:&quot;gradient&quot;}\">\n\t\t\t\t\t<div class=\"e-con-inner\">\n\t\t<div class=\"elementor-element elementor-element-4a74c7f e-con-full e-flex e-con e-child\" data-id=\"4a74c7f\" data-element_type=\"container\" data-e-type=\"container\" data-settings=\"{&quot;background_background&quot;:&quot;classic&quot;}\">\n\t\t\t\t<\/div>\n\t\t<div class=\"elementor-element elementor-element-60e3f89 e-con-full e-flex e-con e-child\" data-id=\"60e3f89\" data-element_type=\"container\" data-e-type=\"container\">\n\t\t\t\t<div class=\"elementor-element elementor-element-1689827 elementor-tablet-align-center elementor-widget elementor-widget-breadcrumbs\" data-id=\"1689827\" data-element_type=\"widget\" data-e-type=\"widget\" data-widget_type=\"breadcrumbs.default\">\n\t\t\t\t\t<p id=\"breadcrumbs\"><span><span><a href=\"https:\/\/inspiraguate.org\/es\/\">Inicio<\/a><\/span><\/span><\/p>\t\t\t\t<\/div>\n\t\t\t\t<div class=\"elementor-element elementor-element-d350b34 elementor-widget-divider--view-line elementor-widget elementor-widget-divider\" data-id=\"d350b34\" data-element_type=\"widget\" data-e-type=\"widget\" data-widget_type=\"divider.default\">\n\t\t\t\t\t\t\t<div class=\"elementor-divider\">\n\t\t\t<span class=\"elementor-divider-separator\">\n\t\t\t\t\t\t<\/span>\n\t\t<\/div>\n\t\t\t\t\t\t<\/div>\n\t\t\t\t<div class=\"elementor-element elementor-element-2bc0a5d elementor-widget elementor-widget-heading\" data-id=\"2bc0a5d\" data-element_type=\"widget\" data-e-type=\"widget\" data-widget_type=\"heading.default\">\n\t\t\t\t\t<h1 class=\"elementor-heading-title elementor-size-default\">Educaci\u00f3n<\/h1>\t\t\t\t<\/div>\n\t\t\t\t<div class=\"elementor-element elementor-element-0feecfe elementor-widget__width-inherit elementor-widget elementor-widget-text-editor\" data-id=\"0feecfe\" data-element_type=\"widget\" data-e-type=\"widget\" data-widget_type=\"text-editor.default\">\n\t\t\t\t\t\t\t\t\t<p>La educaci\u00f3n rompe el ciclo de la pobreza. Colaboramos con escuelas locales y organizaciones comunitarias para <b>mejorar las condiciones de aprendizaje<\/b>, proporcionar <b>material escolar y apoyar talleres educativos <\/b>que animan tanto a ni\u00f1os como a adultos a aprender y crecer. <\/p><p>Tambi\u00e9n <b>capacitamos a los maestros<\/b>, ayud\u00e1ndoles a fortalecer sus m\u00e9todos de ense\u00f1anza y estrategias en el aula para mejorar la calidad de la educaci\u00f3n de todos los ni\u00f1os.<\/p>\t\t\t\t\t\t\t\t<\/div>\n\t\t\t\t<div class=\"elementor-element elementor-element-8ed9bb5 elementor-widget-divider--view-line elementor-widget elementor-widget-divider\" data-id=\"8ed9bb5\" data-element_type=\"widget\" data-e-type=\"widget\" data-widget_type=\"divider.default\">\n\t\t\t\t\t\t\t<div class=\"elementor-divider\">\n\t\t\t<span class=\"elementor-divider-separator\">\n\t\t\t\t\t\t<\/span>\n\t\t<\/div>\n\t\t\t\t\t\t<\/div>\n\t\t\t\t<div class=\"elementor-element elementor-element-76eea5e elementor-widget elementor-widget-heading\" data-id=\"76eea5e\" data-element_type=\"widget\" data-e-type=\"widget\" data-widget_type=\"heading.default\">\n\t\t\t\t\t<h2 class=\"elementor-heading-title elementor-size-default\">\u00bfQuieres apoyar este programa?<\/h2>\t\t\t\t<\/div>\n\t\t\t\t<div class=\"elementor-element elementor-element-3d988b8 elementor-widget elementor-widget-button\" data-id=\"3d988b8\" data-element_type=\"widget\" data-e-type=\"widget\" data-widget_type=\"button.default\">\n\t\t\t\t\t\t\t\t\t\t<a class=\"elementor-button elementor-button-link elementor-size-sm\" href=\"https:\/\/inspiraguate.org\/es\/involucrate\/\">\n\t\t\t\t\t\t<span class=\"elementor-button-content-wrapper\">\n\t\t\t\t\t\t\t\t\t<span class=\"elementor-button-text\">Invol\u00facrate ahora.<\/span>\n\t\t\t\t\t<\/span>\n\t\t\t\t\t<\/a>\n\t\t\t\t\t\t\t\t<\/div>\n\t\t\t\t<\/div>\n\t\t\t\t\t<\/div>\n\t\t\t\t<\/div>\n\t\t\t\t<\/div>\n\t\t\t\t<\/div>\n\t\t","protected":false},"excerpt":{"rendered":"<p>La educaci\u00f3n rompe el ciclo de la pobreza. Colaboramos con escuelas locales y organizaciones comunitarias para mejorar las condiciones de aprendizaje, proporcionar material escolar y apoyar talleres educativos que animan tanto a ni\u00f1os como a adultos a aprender y crecer. Tambi\u00e9n capacitamos a los maestros, ayud\u00e1ndoles a fortalecer sus m\u00e9todos de ense\u00f1anza y estrategias en [&hellip;]<\/p>\n","protected":false},"author":1,"featured_media":0,"parent":1175,"menu_order":0,"comment_status":"closed","ping_status":"closed","template":"","meta":{"footnotes":""},"class_list":["post-1184","page","type-page","status-publish","hentry"],"yoast_head":"<!-- This site is optimized with the Yoast SEO plugin v27.6 - https:\/\/yoast.com\/product\/yoast-seo-wordpress\/ -->\n<title>Educaci\u00f3n - Inspira Guate<\/title>\n<meta name=\"robots\" content=\"index, follow, max-snippet:-1, max-image-preview:large, max-video-preview:-1\" \/>\n<link rel=\"canonical\" href=\"https:\/\/inspiraguate.org\/es\/programas\/educacion\/\" \/>\n<meta property=\"og:locale\" content=\"es_ES\" \/>\n<meta property=\"og:type\" content=\"article\" \/>\n<meta property=\"og:title\" content=\"Educaci\u00f3n - Inspira Guate\" \/>\n<meta property=\"og:description\" content=\"La educaci\u00f3n rompe el ciclo de la pobreza. Colaboramos con escuelas locales y organizaciones comunitarias para mejorar las condiciones de aprendizaje, proporcionar material escolar y apoyar talleres educativos que animan tanto a ni\u00f1os como a adultos a aprender y crecer. Tambi\u00e9n capacitamos a los maestros, ayud\u00e1ndoles a fortalecer sus m\u00e9todos de ense\u00f1anza y estrategias en [&hellip;]\" \/>\n<meta property=\"og:url\" content=\"https:\/\/inspiraguate.org\/es\/programas\/educacion\/\" \/>\n<meta property=\"og:site_name\" content=\"Inspira Guate\" \/>\n<meta property=\"article:publisher\" content=\"https:\/\/www.facebook.com\/inspiraguatemala\" \/>\n<meta property=\"article:modified_time\" content=\"2025-10-27T16:10:30+00:00\" \/>\n<meta property=\"og:image\" content=\"https:\/\/inspiraguate.org\/wp-content\/uploads\/2025\/10\/OG.jpg\" \/>\n\t<meta property=\"og:image:width\" content=\"1200\" \/>\n\t<meta property=\"og:image:height\" content=\"675\" \/>\n\t<meta property=\"og:image:type\" content=\"image\/jpeg\" \/>\n<meta name=\"twitter:card\" content=\"summary_large_image\" \/>\n<script type=\"application\/ld+json\" class=\"yoast-schema-graph\">{\"@context\":\"https:\\\/\\\/schema.org\",\"@graph\":[{\"@type\":\"WebPage\",\"@id\":\"https:\\\/\\\/inspiraguate.org\\\/es\\\/programas\\\/educacion\\\/\",\"url\":\"https:\\\/\\\/inspiraguate.org\\\/es\\\/programas\\\/educacion\\\/\",\"name\":\"Educaci\u00f3n - Inspira Guate\",\"isPartOf\":{\"@id\":\"https:\\\/\\\/inspiraguate.org\\\/es\\\/#website\"},\"datePublished\":\"2025-10-17T14:27:57+00:00\",\"dateModified\":\"2025-10-27T16:10:30+00:00\",\"breadcrumb\":{\"@id\":\"https:\\\/\\\/inspiraguate.org\\\/es\\\/programas\\\/educacion\\\/#breadcrumb\"},\"inLanguage\":\"es\",\"potentialAction\":[{\"@type\":\"ReadAction\",\"target\":[\"https:\\\/\\\/inspiraguate.org\\\/es\\\/programas\\\/educacion\\\/\"]}]},{\"@type\":\"BreadcrumbList\",\"@id\":\"https:\\\/\\\/inspiraguate.org\\\/es\\\/programas\\\/educacion\\\/#breadcrumb\",\"itemListElement\":[{\"@type\":\"ListItem\",\"position\":1,\"name\":\"Inicio\",\"item\":\"https:\\\/\\\/inspiraguate.org\\\/es\\\/\"},{\"@type\":\"ListItem\",\"position\":2,\"name\":\"Programas\",\"item\":\"https:\\\/\\\/inspiraguate.org\\\/es\\\/programas\\\/\"},{\"@type\":\"ListItem\",\"position\":3,\"name\":\"Educaci\u00f3n\"}]},{\"@type\":\"WebSite\",\"@id\":\"https:\\\/\\\/inspiraguate.org\\\/es\\\/#website\",\"url\":\"https:\\\/\\\/inspiraguate.org\\\/es\\\/\",\"name\":\"Inspira Guate\",\"description\":\"Organizaci\u00f3n sin fines de lucro en Guatemala\",\"publisher\":{\"@id\":\"https:\\\/\\\/inspiraguate.org\\\/es\\\/#organization\"},\"potentialAction\":[{\"@type\":\"SearchAction\",\"target\":{\"@type\":\"EntryPoint\",\"urlTemplate\":\"https:\\\/\\\/inspiraguate.org\\\/es\\\/?s={search_term_string}\"},\"query-input\":{\"@type\":\"PropertyValueSpecification\",\"valueRequired\":true,\"valueName\":\"search_term_string\"}}],\"inLanguage\":\"es\"},{\"@type\":\"Organization\",\"@id\":\"https:\\\/\\\/inspiraguate.org\\\/es\\\/#organization\",\"name\":\"Inspira Guate\",\"url\":\"https:\\\/\\\/inspiraguate.org\\\/es\\\/\",\"logo\":{\"@type\":\"ImageObject\",\"inLanguage\":\"es\",\"@id\":\"https:\\\/\\\/inspiraguate.org\\\/es\\\/#\\\/schema\\\/logo\\\/image\\\/\",\"url\":\"https:\\\/\\\/inspiraguate.org\\\/wp-content\\\/uploads\\\/2022\\\/01\\\/Logo.svg\",\"contentUrl\":\"https:\\\/\\\/inspiraguate.org\\\/wp-content\\\/uploads\\\/2022\\\/01\\\/Logo.svg\",\"width\":506,\"height\":231,\"caption\":\"Inspira Guate\"},\"image\":{\"@id\":\"https:\\\/\\\/inspiraguate.org\\\/es\\\/#\\\/schema\\\/logo\\\/image\\\/\"},\"sameAs\":[\"https:\\\/\\\/www.facebook.com\\\/inspiraguatemala\",\"https:\\\/\\\/www.instagram.com\\\/inspiraguate?igsh=ZTQ4cGdta3JvYndj\"]}]}<\/script>\n<!-- \/ Yoast SEO plugin. -->","yoast_head_json":{"title":"Educaci\u00f3n - Inspira Guate","robots":{"index":"index","follow":"follow","max-snippet":"max-snippet:-1","max-image-preview":"max-image-preview:large","max-video-preview":"max-video-preview:-1"},"canonical":"https:\/\/inspiraguate.org\/es\/programas\/educacion\/","og_locale":"es_ES","og_type":"article","og_title":"Educaci\u00f3n - Inspira Guate","og_description":"La educaci\u00f3n rompe el ciclo de la pobreza. Colaboramos con escuelas locales y organizaciones comunitarias para mejorar las condiciones de aprendizaje, proporcionar material escolar y apoyar talleres educativos que animan tanto a ni\u00f1os como a adultos a aprender y crecer. Tambi\u00e9n capacitamos a los maestros, ayud\u00e1ndoles a fortalecer sus m\u00e9todos de ense\u00f1anza y estrategias en [&hellip;]","og_url":"https:\/\/inspiraguate.org\/es\/programas\/educacion\/","og_site_name":"Inspira Guate","article_publisher":"https:\/\/www.facebook.com\/inspiraguatemala","article_modified_time":"2025-10-27T16:10:30+00:00","og_image":[{"width":1200,"height":675,"url":"https:\/\/inspiraguate.org\/wp-content\/uploads\/2025\/10\/OG.jpg","type":"image\/jpeg"}],"twitter_card":"summary_large_image","schema":{"@context":"https:\/\/schema.org","@graph":[{"@type":"WebPage","@id":"https:\/\/inspiraguate.org\/es\/programas\/educacion\/","url":"https:\/\/inspiraguate.org\/es\/programas\/educacion\/","name":"Educaci\u00f3n - Inspira Guate","isPartOf":{"@id":"https:\/\/inspiraguate.org\/es\/#website"},"datePublished":"2025-10-17T14:27:57+00:00","dateModified":"2025-10-27T16:10:30+00:00","breadcrumb":{"@id":"https:\/\/inspiraguate.org\/es\/programas\/educacion\/#breadcrumb"},"inLanguage":"es","potentialAction":[{"@type":"ReadAction","target":["https:\/\/inspiraguate.org\/es\/programas\/educacion\/"]}]},{"@type":"BreadcrumbList","@id":"https:\/\/inspiraguate.org\/es\/programas\/educacion\/#breadcrumb","itemListElement":[{"@type":"ListItem","position":1,"name":"Inicio","item":"https:\/\/inspiraguate.org\/es\/"},{"@type":"ListItem","position":2,"name":"Programas","item":"https:\/\/inspiraguate.org\/es\/programas\/"},{"@type":"ListItem","position":3,"name":"Educaci\u00f3n"}]},{"@type":"WebSite","@id":"https:\/\/inspiraguate.org\/es\/#website","url":"https:\/\/inspiraguate.org\/es\/","name":"Inspira Guate","description":"Organizaci\u00f3n sin fines de lucro en Guatemala","publisher":{"@id":"https:\/\/inspiraguate.org\/es\/#organization"},"potentialAction":[{"@type":"SearchAction","target":{"@type":"EntryPoint","urlTemplate":"https:\/\/inspiraguate.org\/es\/?s={search_term_string}"},"query-input":{"@type":"PropertyValueSpecification","valueRequired":true,"valueName":"search_term_string"}}],"inLanguage":"es"},{"@type":"Organization","@id":"https:\/\/inspiraguate.org\/es\/#organization","name":"Inspira Guate","url":"https:\/\/inspiraguate.org\/es\/","logo":{"@type":"ImageObject","inLanguage":"es","@id":"https:\/\/inspiraguate.org\/es\/#\/schema\/logo\/image\/","url":"https:\/\/inspiraguate.org\/wp-content\/uploads\/2022\/01\/Logo.svg","contentUrl":"https:\/\/inspiraguate.org\/wp-content\/uploads\/2022\/01\/Logo.svg","width":506,"height":231,"caption":"Inspira Guate"},"image":{"@id":"https:\/\/inspiraguate.org\/es\/#\/schema\/logo\/image\/"},"sameAs":["https:\/\/www.facebook.com\/inspiraguatemala","https:\/\/www.instagram.com\/inspiraguate?igsh=ZTQ4cGdta3JvYndj"]}]}},"_links":{"self":[{"href":"https:\/\/inspiraguate.org\/es\/wp-json\/wp\/v2\/pages\/1184","targetHints":{"allow":["GET"]}}],"collection":[{"href":"https:\/\/inspiraguate.org\/es\/wp-json\/wp\/v2\/pages"}],"about":[{"href":"https:\/\/inspiraguate.org\/es\/wp-json\/wp\/v2\/types\/page"}],"author":[{"embeddable":true,"href":"https:\/\/inspiraguate.org\/es\/wp-json\/wp\/v2\/users\/1"}],"replies":[{"embeddable":true,"href":"https:\/\/inspiraguate.org\/es\/wp-json\/wp\/v2\/comments?post=1184"}],"version-history":[{"count":1,"href":"https:\/\/inspiraguate.org\/es\/wp-json\/wp\/v2\/pages\/1184\/revisions"}],"predecessor-version":[{"id":1185,"href":"https:\/\/inspiraguate.org\/es\/wp-json\/wp\/v2\/pages\/1184\/revisions\/1185"}],"up":[{"embeddable":true,"href":"https:\/\/inspiraguate.org\/es\/wp-json\/wp\/v2\/pages\/1175"}],"wp:attachment":[{"href":"https:\/\/inspiraguate.org\/es\/wp-json\/wp\/v2\/media?parent=1184"}],"curies":[{"name":"wp","href":"https:\/\/api.w.org\/{rel}","templated":true}]}}