{"id":1178,"date":"2025-10-17T08:26:53","date_gmt":"2025-10-17T14:26:53","guid":{"rendered":"https:\/\/inspiraguate.org\/programas\/agua-limpia\/"},"modified":"2025-11-09T14:44:08","modified_gmt":"2025-11-09T20:44:08","slug":"agua-limpia","status":"publish","type":"page","link":"https:\/\/inspiraguate.org\/es\/programas\/agua-limpia\/","title":{"rendered":"Agua limpia"},"content":{"rendered":"\t\t<div data-elementor-type=\"wp-page\" data-elementor-id=\"1178\" class=\"elementor elementor-1178 elementor-604\" data-elementor-post-type=\"page\">\n\t\t\t\t<div class=\"elementor-element elementor-element-5c3d010 e-con-full e-flex e-con e-parent\" data-id=\"5c3d010\" data-element_type=\"container\" data-e-type=\"container\" data-settings=\"{&quot;background_background&quot;:&quot;gradient&quot;}\">\n\t\t<div class=\"elementor-element elementor-element-ec8ac09 e-flex e-con-boxed e-con e-child\" data-id=\"ec8ac09\" data-element_type=\"container\" data-e-type=\"container\" data-settings=\"{&quot;background_background&quot;:&quot;gradient&quot;}\">\n\t\t\t\t\t<div class=\"e-con-inner\">\n\t\t<div class=\"elementor-element elementor-element-5c2e3fd e-con-full e-flex e-con e-child\" data-id=\"5c2e3fd\" data-element_type=\"container\" data-e-type=\"container\" data-settings=\"{&quot;background_background&quot;:&quot;classic&quot;}\">\n\t\t\t\t<\/div>\n\t\t<div class=\"elementor-element elementor-element-21400f2 e-con-full e-flex e-con e-child\" data-id=\"21400f2\" data-element_type=\"container\" data-e-type=\"container\">\n\t\t\t\t<div class=\"elementor-element elementor-element-174bf22 elementor-tablet-align-center elementor-widget elementor-widget-breadcrumbs\" data-id=\"174bf22\" data-element_type=\"widget\" data-e-type=\"widget\" data-widget_type=\"breadcrumbs.default\">\n\t\t\t\t\t<p id=\"breadcrumbs\"><span><span><a href=\"https:\/\/inspiraguate.org\/es\/\">Inicio<\/a><\/span><\/span><\/p>\t\t\t\t<\/div>\n\t\t\t\t<div class=\"elementor-element elementor-element-02de958 elementor-widget-divider--view-line elementor-widget elementor-widget-divider\" data-id=\"02de958\" data-element_type=\"widget\" data-e-type=\"widget\" data-widget_type=\"divider.default\">\n\t\t\t\t\t\t\t<div class=\"elementor-divider\">\n\t\t\t<span class=\"elementor-divider-separator\">\n\t\t\t\t\t\t<\/span>\n\t\t<\/div>\n\t\t\t\t\t\t<\/div>\n\t\t\t\t<div class=\"elementor-element elementor-element-1ed610c elementor-widget elementor-widget-heading\" data-id=\"1ed610c\" data-element_type=\"widget\" data-e-type=\"widget\" data-widget_type=\"heading.default\">\n\t\t\t\t\t<h1 class=\"elementor-heading-title elementor-size-default\">Agua limpia<\/h1>\t\t\t\t<\/div>\n\t\t\t\t<div class=\"elementor-element elementor-element-70e9be9 elementor-widget__width-inherit elementor-widget elementor-widget-text-editor\" data-id=\"70e9be9\" data-element_type=\"widget\" data-e-type=\"widget\" data-widget_type=\"text-editor.default\">\n\t\t\t\t\t\t\t\t\t<p>El acceso al agua limpia es la base de la salud y la vida. Distribuimos e instalamos <b>sistemas de filtraci\u00f3n de agua<\/b> para las familias que forman parte de los proyectos o programas de los ministerios y organizaciones locales.  <\/p><p>Durante las entregas, cada familia recibe capacitaci\u00f3n pr\u00e1ctica para garantizar que sepan c\u00f3mo utilizar y mantener adecuadamente su sistema de filtraci\u00f3n. <\/p><p>Gracias a estos esfuerzos, <b>prevenimos enfermedades, mejoramos las condiciones de vida diarias<\/b> y devolvemos la dignidad a los hogares que antes carec\u00edan de agua potable.<\/p>\t\t\t\t\t\t\t\t<\/div>\n\t\t\t\t<div class=\"elementor-element elementor-element-b7204ab elementor-widget-divider--view-line elementor-widget elementor-widget-divider\" data-id=\"b7204ab\" data-element_type=\"widget\" data-e-type=\"widget\" data-widget_type=\"divider.default\">\n\t\t\t\t\t\t\t<div class=\"elementor-divider\">\n\t\t\t<span class=\"elementor-divider-separator\">\n\t\t\t\t\t\t<\/span>\n\t\t<\/div>\n\t\t\t\t\t\t<\/div>\n\t\t\t\t<div class=\"elementor-element elementor-element-fbc83a8 elementor-widget elementor-widget-heading\" data-id=\"fbc83a8\" data-element_type=\"widget\" data-e-type=\"widget\" data-widget_type=\"heading.default\">\n\t\t\t\t\t<h2 class=\"elementor-heading-title elementor-size-default\">\u00bfQuieres apoyar este programa?<\/h2>\t\t\t\t<\/div>\n\t\t\t\t<div class=\"elementor-element elementor-element-ff8d198 elementor-widget__width-inherit elementor-widget elementor-widget-text-editor\" data-id=\"ff8d198\" data-element_type=\"widget\" data-e-type=\"widget\" data-widget_type=\"text-editor.default\">\n\t\t\t\t\t\t\t\t\t<p><span style=\"font-weight: 400;\">Tu contribuci\u00f3n de solo<strong> US$ 45.00<\/strong> proporciona a una familia un sistema completo de filtraci\u00f3n de agua y capacitaci\u00f3n que garantiza agua potable segura y limpia durante <strong>dos a\u00f1os.<\/strong><\/span><span style=\"font-weight: 400;\"><br><\/span><\/p>\t\t\t\t\t\t\t\t<\/div>\n\t\t\t\t<div class=\"elementor-element elementor-element-260abbc elementor-widget elementor-widget-button\" data-id=\"260abbc\" data-element_type=\"widget\" data-e-type=\"widget\" data-widget_type=\"button.default\">\n\t\t\t\t\t\t\t\t\t\t<a class=\"elementor-button elementor-button-link elementor-size-sm\" href=\"https:\/\/inspiraguate.org\/es\/involucrate\/donaciones\/\">\n\t\t\t\t\t\t<span class=\"elementor-button-content-wrapper\">\n\t\t\t\t\t\t\t\t\t<span class=\"elementor-button-text\">Donar ahora<\/span>\n\t\t\t\t\t<\/span>\n\t\t\t\t\t<\/a>\n\t\t\t\t\t\t\t\t<\/div>\n\t\t\t\t<\/div>\n\t\t\t\t\t<\/div>\n\t\t\t\t<\/div>\n\t\t\t\t<\/div>\n\t\t\t\t<\/div>\n\t\t","protected":false},"excerpt":{"rendered":"<p>El acceso al agua limpia es la base de la salud y la vida. Distribuimos e instalamos sistemas de filtraci\u00f3n de agua para las familias que forman parte de los proyectos o programas de los ministerios y organizaciones locales. Durante las entregas, cada familia recibe capacitaci\u00f3n pr\u00e1ctica para garantizar que sepan c\u00f3mo utilizar y mantener [&hellip;]<\/p>\n","protected":false},"author":1,"featured_media":0,"parent":1175,"menu_order":0,"comment_status":"closed","ping_status":"closed","template":"","meta":{"footnotes":""},"class_list":["post-1178","page","type-page","status-publish","hentry"],"yoast_head":"<!-- This site is optimized with the Yoast SEO plugin v27.6 - https:\/\/yoast.com\/product\/yoast-seo-wordpress\/ -->\n<title>Agua limpia - Inspira Guate<\/title>\n<meta name=\"robots\" content=\"index, follow, max-snippet:-1, max-image-preview:large, max-video-preview:-1\" \/>\n<link rel=\"canonical\" href=\"https:\/\/inspiraguate.org\/es\/programas\/agua-limpia\/\" \/>\n<meta property=\"og:locale\" content=\"es_ES\" \/>\n<meta property=\"og:type\" content=\"article\" \/>\n<meta property=\"og:title\" content=\"Agua limpia - Inspira Guate\" \/>\n<meta property=\"og:description\" content=\"El acceso al agua limpia es la base de la salud y la vida. Distribuimos e instalamos sistemas de filtraci\u00f3n de agua para las familias que forman parte de los proyectos o programas de los ministerios y organizaciones locales. Durante las entregas, cada familia recibe capacitaci\u00f3n pr\u00e1ctica para garantizar que sepan c\u00f3mo utilizar y mantener [&hellip;]\" \/>\n<meta property=\"og:url\" content=\"https:\/\/inspiraguate.org\/es\/programas\/agua-limpia\/\" \/>\n<meta property=\"og:site_name\" content=\"Inspira Guate\" \/>\n<meta property=\"article:publisher\" content=\"https:\/\/www.facebook.com\/inspiraguatemala\" \/>\n<meta property=\"article:modified_time\" content=\"2025-11-09T20:44:08+00:00\" \/>\n<meta property=\"og:image\" content=\"https:\/\/inspiraguate.org\/wp-content\/uploads\/2025\/10\/OG.jpg\" \/>\n\t<meta property=\"og:image:width\" content=\"1200\" \/>\n\t<meta property=\"og:image:height\" content=\"675\" \/>\n\t<meta property=\"og:image:type\" content=\"image\/jpeg\" \/>\n<meta name=\"twitter:card\" content=\"summary_large_image\" \/>\n<meta name=\"twitter:label1\" content=\"Tiempo de lectura\" \/>\n\t<meta name=\"twitter:data1\" content=\"1 minuto\" \/>\n<script type=\"application\/ld+json\" class=\"yoast-schema-graph\">{\"@context\":\"https:\\\/\\\/schema.org\",\"@graph\":[{\"@type\":\"WebPage\",\"@id\":\"https:\\\/\\\/inspiraguate.org\\\/es\\\/programas\\\/agua-limpia\\\/\",\"url\":\"https:\\\/\\\/inspiraguate.org\\\/es\\\/programas\\\/agua-limpia\\\/\",\"name\":\"Agua limpia - Inspira Guate\",\"isPartOf\":{\"@id\":\"https:\\\/\\\/inspiraguate.org\\\/es\\\/#website\"},\"datePublished\":\"2025-10-17T14:26:53+00:00\",\"dateModified\":\"2025-11-09T20:44:08+00:00\",\"breadcrumb\":{\"@id\":\"https:\\\/\\\/inspiraguate.org\\\/es\\\/programas\\\/agua-limpia\\\/#breadcrumb\"},\"inLanguage\":\"es\",\"potentialAction\":[{\"@type\":\"ReadAction\",\"target\":[\"https:\\\/\\\/inspiraguate.org\\\/es\\\/programas\\\/agua-limpia\\\/\"]}]},{\"@type\":\"BreadcrumbList\",\"@id\":\"https:\\\/\\\/inspiraguate.org\\\/es\\\/programas\\\/agua-limpia\\\/#breadcrumb\",\"itemListElement\":[{\"@type\":\"ListItem\",\"position\":1,\"name\":\"Inicio\",\"item\":\"https:\\\/\\\/inspiraguate.org\\\/es\\\/\"},{\"@type\":\"ListItem\",\"position\":2,\"name\":\"Programas\",\"item\":\"https:\\\/\\\/inspiraguate.org\\\/es\\\/programas\\\/\"},{\"@type\":\"ListItem\",\"position\":3,\"name\":\"Agua limpia\"}]},{\"@type\":\"WebSite\",\"@id\":\"https:\\\/\\\/inspiraguate.org\\\/es\\\/#website\",\"url\":\"https:\\\/\\\/inspiraguate.org\\\/es\\\/\",\"name\":\"Inspira Guate\",\"description\":\"Organizaci\u00f3n sin fines de lucro en Guatemala\",\"publisher\":{\"@id\":\"https:\\\/\\\/inspiraguate.org\\\/es\\\/#organization\"},\"potentialAction\":[{\"@type\":\"SearchAction\",\"target\":{\"@type\":\"EntryPoint\",\"urlTemplate\":\"https:\\\/\\\/inspiraguate.org\\\/es\\\/?s={search_term_string}\"},\"query-input\":{\"@type\":\"PropertyValueSpecification\",\"valueRequired\":true,\"valueName\":\"search_term_string\"}}],\"inLanguage\":\"es\"},{\"@type\":\"Organization\",\"@id\":\"https:\\\/\\\/inspiraguate.org\\\/es\\\/#organization\",\"name\":\"Inspira Guate\",\"url\":\"https:\\\/\\\/inspiraguate.org\\\/es\\\/\",\"logo\":{\"@type\":\"ImageObject\",\"inLanguage\":\"es\",\"@id\":\"https:\\\/\\\/inspiraguate.org\\\/es\\\/#\\\/schema\\\/logo\\\/image\\\/\",\"url\":\"https:\\\/\\\/inspiraguate.org\\\/wp-content\\\/uploads\\\/2022\\\/01\\\/Logo.svg\",\"contentUrl\":\"https:\\\/\\\/inspiraguate.org\\\/wp-content\\\/uploads\\\/2022\\\/01\\\/Logo.svg\",\"width\":506,\"height\":231,\"caption\":\"Inspira Guate\"},\"image\":{\"@id\":\"https:\\\/\\\/inspiraguate.org\\\/es\\\/#\\\/schema\\\/logo\\\/image\\\/\"},\"sameAs\":[\"https:\\\/\\\/www.facebook.com\\\/inspiraguatemala\",\"https:\\\/\\\/www.instagram.com\\\/inspiraguate?igsh=ZTQ4cGdta3JvYndj\"]}]}<\/script>\n<!-- \/ Yoast SEO plugin. -->","yoast_head_json":{"title":"Agua limpia - Inspira Guate","robots":{"index":"index","follow":"follow","max-snippet":"max-snippet:-1","max-image-preview":"max-image-preview:large","max-video-preview":"max-video-preview:-1"},"canonical":"https:\/\/inspiraguate.org\/es\/programas\/agua-limpia\/","og_locale":"es_ES","og_type":"article","og_title":"Agua limpia - Inspira Guate","og_description":"El acceso al agua limpia es la base de la salud y la vida. Distribuimos e instalamos sistemas de filtraci\u00f3n de agua para las familias que forman parte de los proyectos o programas de los ministerios y organizaciones locales. Durante las entregas, cada familia recibe capacitaci\u00f3n pr\u00e1ctica para garantizar que sepan c\u00f3mo utilizar y mantener [&hellip;]","og_url":"https:\/\/inspiraguate.org\/es\/programas\/agua-limpia\/","og_site_name":"Inspira Guate","article_publisher":"https:\/\/www.facebook.com\/inspiraguatemala","article_modified_time":"2025-11-09T20:44:08+00:00","og_image":[{"width":1200,"height":675,"url":"https:\/\/inspiraguate.org\/wp-content\/uploads\/2025\/10\/OG.jpg","type":"image\/jpeg"}],"twitter_card":"summary_large_image","twitter_misc":{"Tiempo de lectura":"1 minuto"},"schema":{"@context":"https:\/\/schema.org","@graph":[{"@type":"WebPage","@id":"https:\/\/inspiraguate.org\/es\/programas\/agua-limpia\/","url":"https:\/\/inspiraguate.org\/es\/programas\/agua-limpia\/","name":"Agua limpia - Inspira Guate","isPartOf":{"@id":"https:\/\/inspiraguate.org\/es\/#website"},"datePublished":"2025-10-17T14:26:53+00:00","dateModified":"2025-11-09T20:44:08+00:00","breadcrumb":{"@id":"https:\/\/inspiraguate.org\/es\/programas\/agua-limpia\/#breadcrumb"},"inLanguage":"es","potentialAction":[{"@type":"ReadAction","target":["https:\/\/inspiraguate.org\/es\/programas\/agua-limpia\/"]}]},{"@type":"BreadcrumbList","@id":"https:\/\/inspiraguate.org\/es\/programas\/agua-limpia\/#breadcrumb","itemListElement":[{"@type":"ListItem","position":1,"name":"Inicio","item":"https:\/\/inspiraguate.org\/es\/"},{"@type":"ListItem","position":2,"name":"Programas","item":"https:\/\/inspiraguate.org\/es\/programas\/"},{"@type":"ListItem","position":3,"name":"Agua limpia"}]},{"@type":"WebSite","@id":"https:\/\/inspiraguate.org\/es\/#website","url":"https:\/\/inspiraguate.org\/es\/","name":"Inspira Guate","description":"Organizaci\u00f3n sin fines de lucro en Guatemala","publisher":{"@id":"https:\/\/inspiraguate.org\/es\/#organization"},"potentialAction":[{"@type":"SearchAction","target":{"@type":"EntryPoint","urlTemplate":"https:\/\/inspiraguate.org\/es\/?s={search_term_string}"},"query-input":{"@type":"PropertyValueSpecification","valueRequired":true,"valueName":"search_term_string"}}],"inLanguage":"es"},{"@type":"Organization","@id":"https:\/\/inspiraguate.org\/es\/#organization","name":"Inspira Guate","url":"https:\/\/inspiraguate.org\/es\/","logo":{"@type":"ImageObject","inLanguage":"es","@id":"https:\/\/inspiraguate.org\/es\/#\/schema\/logo\/image\/","url":"https:\/\/inspiraguate.org\/wp-content\/uploads\/2022\/01\/Logo.svg","contentUrl":"https:\/\/inspiraguate.org\/wp-content\/uploads\/2022\/01\/Logo.svg","width":506,"height":231,"caption":"Inspira Guate"},"image":{"@id":"https:\/\/inspiraguate.org\/es\/#\/schema\/logo\/image\/"},"sameAs":["https:\/\/www.facebook.com\/inspiraguatemala","https:\/\/www.instagram.com\/inspiraguate?igsh=ZTQ4cGdta3JvYndj"]}]}},"_links":{"self":[{"href":"https:\/\/inspiraguate.org\/es\/wp-json\/wp\/v2\/pages\/1178","targetHints":{"allow":["GET"]}}],"collection":[{"href":"https:\/\/inspiraguate.org\/es\/wp-json\/wp\/v2\/pages"}],"about":[{"href":"https:\/\/inspiraguate.org\/es\/wp-json\/wp\/v2\/types\/page"}],"author":[{"embeddable":true,"href":"https:\/\/inspiraguate.org\/es\/wp-json\/wp\/v2\/users\/1"}],"replies":[{"embeddable":true,"href":"https:\/\/inspiraguate.org\/es\/wp-json\/wp\/v2\/comments?post=1178"}],"version-history":[{"count":3,"href":"https:\/\/inspiraguate.org\/es\/wp-json\/wp\/v2\/pages\/1178\/revisions"}],"predecessor-version":[{"id":1332,"href":"https:\/\/inspiraguate.org\/es\/wp-json\/wp\/v2\/pages\/1178\/revisions\/1332"}],"up":[{"embeddable":true,"href":"https:\/\/inspiraguate.org\/es\/wp-json\/wp\/v2\/pages\/1175"}],"wp:attachment":[{"href":"https:\/\/inspiraguate.org\/es\/wp-json\/wp\/v2\/media?parent=1178"}],"curies":[{"name":"wp","href":"https:\/\/api.w.org\/{rel}","templated":true}]}}