{"id":1162,"date":"2025-10-17T10:05:47","date_gmt":"2025-10-17T16:05:47","guid":{"rendered":"https:\/\/inspiraguate.org\/involucrate\/donaciones\/"},"modified":"2025-10-27T09:44:15","modified_gmt":"2025-10-27T15:44:15","slug":"donaciones","status":"publish","type":"page","link":"https:\/\/inspiraguate.org\/es\/involucrate\/donaciones\/","title":{"rendered":"Donaciones"},"content":{"rendered":"\t\t<div data-elementor-type=\"wp-page\" data-elementor-id=\"1162\" class=\"elementor elementor-1162 elementor-685\" data-elementor-post-type=\"page\">\n\t\t\t\t<div class=\"elementor-element elementor-element-7eb6a7f e-con-full e-flex e-con e-parent\" data-id=\"7eb6a7f\" data-element_type=\"container\" data-e-type=\"container\">\n\t\t<div class=\"elementor-element elementor-element-abe5db1 e-flex e-con-boxed e-con e-child\" data-id=\"abe5db1\" data-element_type=\"container\" data-e-type=\"container\" data-settings=\"{&quot;background_background&quot;:&quot;gradient&quot;}\">\n\t\t\t\t\t<div class=\"e-con-inner\">\n\t\t<div class=\"elementor-element elementor-element-8b8c6ab e-con-full e-flex e-con e-child\" data-id=\"8b8c6ab\" data-element_type=\"container\" data-e-type=\"container\">\n\t\t\t\t<div class=\"elementor-element elementor-element-15553bf elementor-tablet-align-center elementor-widget elementor-widget-breadcrumbs\" data-id=\"15553bf\" data-element_type=\"widget\" data-e-type=\"widget\" data-widget_type=\"breadcrumbs.default\">\n\t\t\t\t\t<p id=\"breadcrumbs\"><span><span><a href=\"https:\/\/inspiraguate.org\/es\/\">Inicio<\/a><\/span><\/span><\/p>\t\t\t\t<\/div>\n\t\t\t\t<div class=\"elementor-element elementor-element-1d05c87 elementor-widget elementor-widget-heading\" data-id=\"1d05c87\" data-element_type=\"widget\" data-e-type=\"widget\" data-widget_type=\"heading.default\">\n\t\t\t\t\t<h1 class=\"elementor-heading-title elementor-size-default\">Donaciones<\/h1>\t\t\t\t<\/div>\n\t\t\t\t<div class=\"elementor-element elementor-element-c2a364a elementor-widget__width-inherit elementor-widget elementor-widget-heading\" data-id=\"c2a364a\" data-element_type=\"widget\" data-e-type=\"widget\" data-widget_type=\"heading.default\">\n\t\t\t\t\t<h2 class=\"elementor-heading-title elementor-size-default\">Tu donaci\u00f3n proporciona filtros de agua, paquetes de nutrici\u00f3n, suministros m\u00e9dicos y recursos esenciales para familias de toda Guatemala.<b> Cada contribuci\u00f3n nos ayuda a llegar a m\u00e1s personas, mejorar las condiciones de vida y lograr un cambio duradero.<\/b>\nTodas las donaciones se procesan de forma segura a trav\u00e9s de nuestra organizaci\u00f3n asociada, RU4Children.\n<\/h2>\t\t\t\t<\/div>\n\t\t\t\t<div class=\"elementor-element elementor-element-b1efbda elementor-widget elementor-widget-button\" data-id=\"b1efbda\" data-element_type=\"widget\" data-e-type=\"widget\" data-widget_type=\"button.default\">\n\t\t\t\t\t\t\t\t\t\t<a class=\"elementor-button elementor-button-link elementor-size-sm\" href=\"https:\/\/www.ru4children.org\/checkout\/donate?donatePageId=63506976a2e9041e8d93cc6b\" target=\"_blank\">\n\t\t\t\t\t\t<span class=\"elementor-button-content-wrapper\">\n\t\t\t\t\t\t<span class=\"elementor-button-icon\">\n\t\t\t\t<i aria-hidden=\"true\" class=\"fas fa-external-link-alt\"><\/i>\t\t\t<\/span>\n\t\t\t\t\t\t\t\t\t<span class=\"elementor-button-text\">Dona ahora a trav\u00e9s de RU4Children<\/span>\n\t\t\t\t\t<\/span>\n\t\t\t\t\t<\/a>\n\t\t\t\t\t\t\t\t<\/div>\n\t\t\t\t<\/div>\n\t\t\t\t\t<\/div>\n\t\t\t\t<\/div>\n\t\t\t\t<\/div>\n\t\t\t\t<\/div>\n\t\t","protected":false},"excerpt":{"rendered":"<p>Tu donaci\u00f3n proporciona filtros de agua, paquetes de nutrici\u00f3n, suministros m\u00e9dicos y recursos esenciales para familias de toda Guatemala. Cada contribuci\u00f3n nos ayuda a llegar a m\u00e1s personas, mejorar las condiciones de vida y lograr un cambio duradero. Todas las donaciones se procesan de forma segura a trav\u00e9s de nuestra organizaci\u00f3n asociada, RU4Children. Dona ahora [&hellip;]<\/p>\n","protected":false},"author":1,"featured_media":0,"parent":1160,"menu_order":0,"comment_status":"closed","ping_status":"closed","template":"","meta":{"footnotes":""},"class_list":["post-1162","page","type-page","status-publish","hentry"],"yoast_head":"<!-- This site is optimized with the Yoast SEO plugin v27.6 - https:\/\/yoast.com\/product\/yoast-seo-wordpress\/ -->\n<title>Donaciones - Inspira Guate<\/title>\n<meta name=\"robots\" content=\"index, follow, max-snippet:-1, max-image-preview:large, max-video-preview:-1\" \/>\n<link rel=\"canonical\" href=\"https:\/\/inspiraguate.org\/es\/involucrate\/donaciones\/\" \/>\n<meta property=\"og:locale\" content=\"es_ES\" \/>\n<meta property=\"og:type\" content=\"article\" \/>\n<meta property=\"og:title\" content=\"Donaciones - Inspira Guate\" \/>\n<meta property=\"og:description\" content=\"Tu donaci\u00f3n proporciona filtros de agua, paquetes de nutrici\u00f3n, suministros m\u00e9dicos y recursos esenciales para familias de toda Guatemala. Cada contribuci\u00f3n nos ayuda a llegar a m\u00e1s personas, mejorar las condiciones de vida y lograr un cambio duradero. Todas las donaciones se procesan de forma segura a trav\u00e9s de nuestra organizaci\u00f3n asociada, RU4Children. Dona ahora [&hellip;]\" \/>\n<meta property=\"og:url\" content=\"https:\/\/inspiraguate.org\/es\/involucrate\/donaciones\/\" \/>\n<meta property=\"og:site_name\" content=\"Inspira Guate\" \/>\n<meta property=\"article:publisher\" content=\"https:\/\/www.facebook.com\/inspiraguatemala\" \/>\n<meta property=\"article:modified_time\" content=\"2025-10-27T15:44:15+00:00\" \/>\n<meta property=\"og:image\" content=\"https:\/\/inspiraguate.org\/wp-content\/uploads\/2025\/10\/OG.jpg\" \/>\n\t<meta property=\"og:image:width\" content=\"1200\" \/>\n\t<meta property=\"og:image:height\" content=\"675\" \/>\n\t<meta property=\"og:image:type\" content=\"image\/jpeg\" \/>\n<meta name=\"twitter:card\" content=\"summary_large_image\" \/>\n<script type=\"application\/ld+json\" class=\"yoast-schema-graph\">{\"@context\":\"https:\\\/\\\/schema.org\",\"@graph\":[{\"@type\":\"WebPage\",\"@id\":\"https:\\\/\\\/inspiraguate.org\\\/es\\\/involucrate\\\/donaciones\\\/\",\"url\":\"https:\\\/\\\/inspiraguate.org\\\/es\\\/involucrate\\\/donaciones\\\/\",\"name\":\"Donaciones - Inspira Guate\",\"isPartOf\":{\"@id\":\"https:\\\/\\\/inspiraguate.org\\\/es\\\/#website\"},\"datePublished\":\"2025-10-17T16:05:47+00:00\",\"dateModified\":\"2025-10-27T15:44:15+00:00\",\"breadcrumb\":{\"@id\":\"https:\\\/\\\/inspiraguate.org\\\/es\\\/involucrate\\\/donaciones\\\/#breadcrumb\"},\"inLanguage\":\"es\",\"potentialAction\":[{\"@type\":\"ReadAction\",\"target\":[\"https:\\\/\\\/inspiraguate.org\\\/es\\\/involucrate\\\/donaciones\\\/\"]}]},{\"@type\":\"BreadcrumbList\",\"@id\":\"https:\\\/\\\/inspiraguate.org\\\/es\\\/involucrate\\\/donaciones\\\/#breadcrumb\",\"itemListElement\":[{\"@type\":\"ListItem\",\"position\":1,\"name\":\"Inicio\",\"item\":\"https:\\\/\\\/inspiraguate.org\\\/es\\\/\"},{\"@type\":\"ListItem\",\"position\":2,\"name\":\"Invol\u00facrate\",\"item\":\"https:\\\/\\\/inspiraguate.org\\\/es\\\/involucrate\\\/\"},{\"@type\":\"ListItem\",\"position\":3,\"name\":\"Donaciones\"}]},{\"@type\":\"WebSite\",\"@id\":\"https:\\\/\\\/inspiraguate.org\\\/es\\\/#website\",\"url\":\"https:\\\/\\\/inspiraguate.org\\\/es\\\/\",\"name\":\"Inspira Guate\",\"description\":\"Organizaci\u00f3n sin fines de lucro en Guatemala\",\"publisher\":{\"@id\":\"https:\\\/\\\/inspiraguate.org\\\/es\\\/#organization\"},\"potentialAction\":[{\"@type\":\"SearchAction\",\"target\":{\"@type\":\"EntryPoint\",\"urlTemplate\":\"https:\\\/\\\/inspiraguate.org\\\/es\\\/?s={search_term_string}\"},\"query-input\":{\"@type\":\"PropertyValueSpecification\",\"valueRequired\":true,\"valueName\":\"search_term_string\"}}],\"inLanguage\":\"es\"},{\"@type\":\"Organization\",\"@id\":\"https:\\\/\\\/inspiraguate.org\\\/es\\\/#organization\",\"name\":\"Inspira Guate\",\"url\":\"https:\\\/\\\/inspiraguate.org\\\/es\\\/\",\"logo\":{\"@type\":\"ImageObject\",\"inLanguage\":\"es\",\"@id\":\"https:\\\/\\\/inspiraguate.org\\\/es\\\/#\\\/schema\\\/logo\\\/image\\\/\",\"url\":\"https:\\\/\\\/inspiraguate.org\\\/wp-content\\\/uploads\\\/2022\\\/01\\\/Logo.svg\",\"contentUrl\":\"https:\\\/\\\/inspiraguate.org\\\/wp-content\\\/uploads\\\/2022\\\/01\\\/Logo.svg\",\"width\":506,\"height\":231,\"caption\":\"Inspira Guate\"},\"image\":{\"@id\":\"https:\\\/\\\/inspiraguate.org\\\/es\\\/#\\\/schema\\\/logo\\\/image\\\/\"},\"sameAs\":[\"https:\\\/\\\/www.facebook.com\\\/inspiraguatemala\",\"https:\\\/\\\/www.instagram.com\\\/inspiraguate?igsh=ZTQ4cGdta3JvYndj\"]}]}<\/script>\n<!-- \/ Yoast SEO plugin. -->","yoast_head_json":{"title":"Donaciones - Inspira Guate","robots":{"index":"index","follow":"follow","max-snippet":"max-snippet:-1","max-image-preview":"max-image-preview:large","max-video-preview":"max-video-preview:-1"},"canonical":"https:\/\/inspiraguate.org\/es\/involucrate\/donaciones\/","og_locale":"es_ES","og_type":"article","og_title":"Donaciones - Inspira Guate","og_description":"Tu donaci\u00f3n proporciona filtros de agua, paquetes de nutrici\u00f3n, suministros m\u00e9dicos y recursos esenciales para familias de toda Guatemala. Cada contribuci\u00f3n nos ayuda a llegar a m\u00e1s personas, mejorar las condiciones de vida y lograr un cambio duradero. Todas las donaciones se procesan de forma segura a trav\u00e9s de nuestra organizaci\u00f3n asociada, RU4Children. Dona ahora [&hellip;]","og_url":"https:\/\/inspiraguate.org\/es\/involucrate\/donaciones\/","og_site_name":"Inspira Guate","article_publisher":"https:\/\/www.facebook.com\/inspiraguatemala","article_modified_time":"2025-10-27T15:44:15+00:00","og_image":[{"width":1200,"height":675,"url":"https:\/\/inspiraguate.org\/wp-content\/uploads\/2025\/10\/OG.jpg","type":"image\/jpeg"}],"twitter_card":"summary_large_image","schema":{"@context":"https:\/\/schema.org","@graph":[{"@type":"WebPage","@id":"https:\/\/inspiraguate.org\/es\/involucrate\/donaciones\/","url":"https:\/\/inspiraguate.org\/es\/involucrate\/donaciones\/","name":"Donaciones - Inspira Guate","isPartOf":{"@id":"https:\/\/inspiraguate.org\/es\/#website"},"datePublished":"2025-10-17T16:05:47+00:00","dateModified":"2025-10-27T15:44:15+00:00","breadcrumb":{"@id":"https:\/\/inspiraguate.org\/es\/involucrate\/donaciones\/#breadcrumb"},"inLanguage":"es","potentialAction":[{"@type":"ReadAction","target":["https:\/\/inspiraguate.org\/es\/involucrate\/donaciones\/"]}]},{"@type":"BreadcrumbList","@id":"https:\/\/inspiraguate.org\/es\/involucrate\/donaciones\/#breadcrumb","itemListElement":[{"@type":"ListItem","position":1,"name":"Inicio","item":"https:\/\/inspiraguate.org\/es\/"},{"@type":"ListItem","position":2,"name":"Invol\u00facrate","item":"https:\/\/inspiraguate.org\/es\/involucrate\/"},{"@type":"ListItem","position":3,"name":"Donaciones"}]},{"@type":"WebSite","@id":"https:\/\/inspiraguate.org\/es\/#website","url":"https:\/\/inspiraguate.org\/es\/","name":"Inspira Guate","description":"Organizaci\u00f3n sin fines de lucro en Guatemala","publisher":{"@id":"https:\/\/inspiraguate.org\/es\/#organization"},"potentialAction":[{"@type":"SearchAction","target":{"@type":"EntryPoint","urlTemplate":"https:\/\/inspiraguate.org\/es\/?s={search_term_string}"},"query-input":{"@type":"PropertyValueSpecification","valueRequired":true,"valueName":"search_term_string"}}],"inLanguage":"es"},{"@type":"Organization","@id":"https:\/\/inspiraguate.org\/es\/#organization","name":"Inspira Guate","url":"https:\/\/inspiraguate.org\/es\/","logo":{"@type":"ImageObject","inLanguage":"es","@id":"https:\/\/inspiraguate.org\/es\/#\/schema\/logo\/image\/","url":"https:\/\/inspiraguate.org\/wp-content\/uploads\/2022\/01\/Logo.svg","contentUrl":"https:\/\/inspiraguate.org\/wp-content\/uploads\/2022\/01\/Logo.svg","width":506,"height":231,"caption":"Inspira Guate"},"image":{"@id":"https:\/\/inspiraguate.org\/es\/#\/schema\/logo\/image\/"},"sameAs":["https:\/\/www.facebook.com\/inspiraguatemala","https:\/\/www.instagram.com\/inspiraguate?igsh=ZTQ4cGdta3JvYndj"]}]}},"_links":{"self":[{"href":"https:\/\/inspiraguate.org\/es\/wp-json\/wp\/v2\/pages\/1162","targetHints":{"allow":["GET"]}}],"collection":[{"href":"https:\/\/inspiraguate.org\/es\/wp-json\/wp\/v2\/pages"}],"about":[{"href":"https:\/\/inspiraguate.org\/es\/wp-json\/wp\/v2\/types\/page"}],"author":[{"embeddable":true,"href":"https:\/\/inspiraguate.org\/es\/wp-json\/wp\/v2\/users\/1"}],"replies":[{"embeddable":true,"href":"https:\/\/inspiraguate.org\/es\/wp-json\/wp\/v2\/comments?post=1162"}],"version-history":[{"count":1,"href":"https:\/\/inspiraguate.org\/es\/wp-json\/wp\/v2\/pages\/1162\/revisions"}],"predecessor-version":[{"id":1163,"href":"https:\/\/inspiraguate.org\/es\/wp-json\/wp\/v2\/pages\/1162\/revisions\/1163"}],"up":[{"embeddable":true,"href":"https:\/\/inspiraguate.org\/es\/wp-json\/wp\/v2\/pages\/1160"}],"wp:attachment":[{"href":"https:\/\/inspiraguate.org\/es\/wp-json\/wp\/v2\/media?parent=1162"}],"curies":[{"name":"wp","href":"https:\/\/api.w.org\/{rel}","templated":true}]}}